{"id":5977,"date":"2018-11-26T10:38:26","date_gmt":"2018-11-26T13:38:26","guid":{"rendered":"http:\/\/www.gabriella5.ch\/?page_id=5977"},"modified":"2026-01-30T10:33:10","modified_gmt":"2026-01-30T13:33:10","slug":"contact","status":"publish","type":"page","link":"https:\/\/gabriella5.ch\/index.php\/contact\/","title":{"rendered":"Contact"},"content":{"rendered":"<p>Maintenant nous sommes de retour en Europe, mais recevons volontiers vos messages :<\/p>\n\n<div class=\"wpcf7 no-js\" id=\"wpcf7-f7797-o1\" lang=\"fr-FR\" dir=\"ltr\" data-wpcf7-id=\"7797\">\n<div class=\"screen-reader-response\"><p role=\"status\" aria-live=\"polite\" aria-atomic=\"true\"><\/p> <ul><\/ul><\/div>\n<form action=\"\/index.php\/wp-json\/wp\/v2\/pages\/5977#wpcf7-f7797-o1\" method=\"post\" class=\"wpcf7-form init\" aria-label=\"Formulaire de contact\" novalidate=\"novalidate\" data-status=\"init\">\n<fieldset class=\"hidden-fields-container\"><input type=\"hidden\" name=\"_wpcf7\" value=\"7797\" \/><input type=\"hidden\" name=\"_wpcf7_version\" value=\"6.1.6\" \/><input type=\"hidden\" name=\"_wpcf7_locale\" value=\"fr_FR\" \/><input type=\"hidden\" name=\"_wpcf7_unit_tag\" value=\"wpcf7-f7797-o1\" \/><input type=\"hidden\" name=\"_wpcf7_container_post\" value=\"0\" \/><input type=\"hidden\" name=\"_wpcf7_posted_data_hash\" value=\"\" \/>\n<\/fieldset>\n<p><label> Votre nom<br \/>\n<span class=\"wpcf7-form-control-wrap\" data-name=\"your-name\"><input size=\"40\" maxlength=\"400\" class=\"wpcf7-form-control wpcf7-text wpcf7-validates-as-required\" autocomplete=\"name\" aria-required=\"true\" aria-invalid=\"false\" value=\"\" type=\"text\" name=\"your-name\" \/><\/span> <\/label>\n<\/p>\n<p><label> Votre e-mail<br \/>\n<span class=\"wpcf7-form-control-wrap\" data-name=\"your-email\"><input size=\"40\" maxlength=\"400\" class=\"wpcf7-form-control wpcf7-email wpcf7-validates-as-required wpcf7-text wpcf7-validates-as-email\" autocomplete=\"email\" aria-required=\"true\" aria-invalid=\"false\" value=\"\" type=\"email\" name=\"your-email\" \/><\/span> <\/label>\n<\/p>\n<p><label> Objet<br \/>\n<span class=\"wpcf7-form-control-wrap\" data-name=\"your-subject\"><input size=\"40\" maxlength=\"400\" class=\"wpcf7-form-control wpcf7-text wpcf7-validates-as-required\" aria-required=\"true\" aria-invalid=\"false\" value=\"\" type=\"text\" name=\"your-subject\" \/><\/span> <\/label>\n<\/p>\n<p><label> Votre message (facultatif)<br \/>\n<span class=\"wpcf7-form-control-wrap\" data-name=\"your-message\"><textarea cols=\"40\" rows=\"10\" maxlength=\"2000\" class=\"wpcf7-form-control wpcf7-textarea\" aria-invalid=\"false\" name=\"your-message\"><\/textarea><\/span> <\/label>\n<\/p>\n<p><input class=\"wpcf7-form-control wpcf7-submit has-spinner\" type=\"submit\" value=\"Envoyer\" \/>\n<\/p><p style=\"display: none !important;\" class=\"akismet-fields-container\" data-prefix=\"_wpcf7_ak_\"><label>&#916;<textarea name=\"_wpcf7_ak_hp_textarea\" cols=\"45\" rows=\"8\" maxlength=\"100\"><\/textarea><\/label><input type=\"hidden\" id=\"ak_js_1\" name=\"_wpcf7_ak_js\" value=\"69\"\/><script type=\"text\/javascript\">\n\/* <![CDATA[ *\/\ndocument.getElementById( \"ak_js_1\" ).setAttribute( \"value\", ( new Date() ).getTime() );\n\/* ]]> *\/\n<\/script>\n<\/p><div class=\"wpcf7-response-output\" aria-hidden=\"true\"><\/div>\n<\/form>\n<\/div>\n\n<p>Anciennement, la famille \u00e9tait joignable, sauf quand elle dormait&#8230; attention au d\u00e9calage horaire ! Le Br\u00e9sil se l\u00e8ve 4 heures apr\u00e8s la France ou la Suisse : 8h \u00e0 Jo\u00e3o Pessoa = midi \u00e0 Gen\u00e8ve.<\/p>\n<p>Nous ne sommes plus joignables par t\u00e9l\u00e9phone au Br\u00e9sil sur :<\/p>\n<ul>\n<li>portable de Gaby +55 83 987 86 61 61<\/li>\n<li>portable des filles +55 83 988 11 35 29<\/li>\n<li>t\u00e9l\u00e9phone fixe : y&rsquo;en a pas !<\/li>\n<\/ul>\n","protected":false},"excerpt":{"rendered":"<p>Maintenant nous sommes de retour en Europe, mais recevons volontiers vos messages : Anciennement, la famille \u00e9tait joignable, sauf quand elle dormait&#8230; attention au d\u00e9calage&#8230;<\/p>\n","protected":false},"author":1,"featured_media":6381,"parent":0,"menu_order":0,"comment_status":"closed","ping_status":"closed","template":"template-no-footer.php","meta":{"_monsterinsights_skip_tracking":false,"_monsterinsights_sitenote_active":false,"_monsterinsights_sitenote_note":"","_monsterinsights_sitenote_category":0,"footnotes":""},"class_list":["post-5977","page","type-page","status-publish","has-post-thumbnail"],"_links":{"self":[{"href":"https:\/\/gabriella5.ch\/index.php\/wp-json\/wp\/v2\/pages\/5977","targetHints":{"allow":["GET"]}}],"collection":[{"href":"https:\/\/gabriella5.ch\/index.php\/wp-json\/wp\/v2\/pages"}],"about":[{"href":"https:\/\/gabriella5.ch\/index.php\/wp-json\/wp\/v2\/types\/page"}],"author":[{"embeddable":true,"href":"https:\/\/gabriella5.ch\/index.php\/wp-json\/wp\/v2\/users\/1"}],"replies":[{"embeddable":true,"href":"https:\/\/gabriella5.ch\/index.php\/wp-json\/wp\/v2\/comments?post=5977"}],"version-history":[{"count":19,"href":"https:\/\/gabriella5.ch\/index.php\/wp-json\/wp\/v2\/pages\/5977\/revisions"}],"predecessor-version":[{"id":7802,"href":"https:\/\/gabriella5.ch\/index.php\/wp-json\/wp\/v2\/pages\/5977\/revisions\/7802"}],"wp:featuredmedia":[{"embeddable":true,"href":"https:\/\/gabriella5.ch\/index.php\/wp-json\/wp\/v2\/media\/6381"}],"wp:attachment":[{"href":"https:\/\/gabriella5.ch\/index.php\/wp-json\/wp\/v2\/media?parent=5977"}],"curies":[{"name":"wp","href":"https:\/\/api.w.org\/{rel}","templated":true}]}}