{"id":6698,"date":"2019-02-19T11:25:58","date_gmt":"2019-02-19T14:25:58","guid":{"rendered":"http:\/\/www.gabriella5.ch\/?page_id=6698"},"modified":"2019-02-20T11:26:22","modified_gmt":"2019-02-20T14:26:22","slug":"scolarite","status":"publish","type":"page","link":"https:\/\/gabriella5.ch\/index.php\/blog\/scolarite\/","title":{"rendered":"Scolarit\u00e9"},"content":{"rendered":"[vc_row type=\u00a0\u00bbin_container\u00a0\u00bb full_screen_row_position=\u00a0\u00bbmiddle\u00a0\u00bb scene_position=\u00a0\u00bbcenter\u00a0\u00bb text_color=\u00a0\u00bbdark\u00a0\u00bb text_align=\u00a0\u00bbleft\u00a0\u00bb overlay_strength=\u00a0\u00bb0.3&Prime; shape_divider_position=\u00a0\u00bbbottom\u00a0\u00bb][vc_column column_padding=\u00a0\u00bbno-extra-padding\u00a0\u00bb column_padding_position=\u00a0\u00bball\u00a0\u00bb background_color_opacity=\u00a0\u00bb1&Prime; background_hover_color_opacity=\u00a0\u00bb1&Prime; column_link_target=\u00a0\u00bb_self\u00a0\u00bb column_shadow=\u00a0\u00bbnone\u00a0\u00bb column_border_radius=\u00a0\u00bbnone\u00a0\u00bb top_margin=\u00a0\u00bb20&Prime; width=\u00a0\u00bb1\/1&Prime; tablet_width_inherit=\u00a0\u00bbdefault\u00a0\u00bb tablet_text_alignment=\u00a0\u00bbdefault\u00a0\u00bb phone_text_alignment=\u00a0\u00bbdefault\u00a0\u00bb column_border_width=\u00a0\u00bbnone\u00a0\u00bb column_border_style=\u00a0\u00bbsolid\u00a0\u00bb]\t\n\t<div class=\"row\">\n\t\n\t <div class=\"post-area col  span_12 col_last masonry material  \" data-ams=\"\"> <div class=\"posts-container\" data-load-animation=\"none\">\t\t\t\t\n\t\t\t\t\n<article id=\"post-7045\" class=\"regular masonry-blog-item post-7045 post type-post status-publish format-standard has-post-thumbnail category-infospratiques category-non-classe category-infos-scolarite\">\n\n\t<div class=\"inner-wrap animated\">\n\n\t\t<div class=\"post-content\">\n\t\t\t\n\t\t\t\t\t\t\t\n\t\t\t\t\t\t\t\t\n\t\t\t\t\t\t\t\t\n\t\t\t\t\t\t\n\t\t\t\n\n\t\t\t\n\t\t\t\t<div class=\"content-inner\">\n\t\t\t\t\t\n\t\t\t\t\t <a class=\"entire-meta-link\" href=\"https:\/\/gabriella5.ch\/index.php\/2019\/06\/10\/show-pedagogique\/\"><\/a><a href=\"https:\/\/gabriella5.ch\/index.php\/2019\/06\/10\/show-pedagogique\/\"><span class=\"post-featured-img\"><img loading=\"lazy\" decoding=\"async\" width=\"599\" height=\"419\" src=\"https:\/\/gabriella5.ch\/wp-content\/uploads\/2019\/06\/img-2.jpg\" class=\"attachment-large size-large skip-lazy wp-post-image\" alt=\"\" title=\"\" srcset=\"https:\/\/gabriella5.ch\/wp-content\/uploads\/2019\/06\/img-2.jpg 599w, https:\/\/gabriella5.ch\/wp-content\/uploads\/2019\/06\/img-2-300x210.jpg 300w\" sizes=\"auto, (max-width: 599px) 100vw, 599px\" \/><\/span><\/a>\t\t\t\t\t\n\t\t\t\t\t\t\t\t\t\t\t\n\t\t\t\t\t\t\n\t\t\t\t\t\t\t\n\t\t\t\t\t\t<span class=\"meta-category\"><a class=\"infospratiques\" href=\"https:\/\/gabriella5.ch\/index.php\/category\/infospratiques\/\">Infos pratiques<\/a><a class=\"non-classe\" href=\"https:\/\/gabriella5.ch\/index.php\/category\/non-classe\/\">Non class\u00e9<\/a><a class=\"infos-scolarite\" href=\"https:\/\/gabriella5.ch\/index.php\/category\/infospratiques\/infos-scolarite\/\">Scolarit\u00e9<\/a><\/span>\n\t\t\t\t\t\t<div class=\"article-content-wrap\">\n\t\t\t\t\t\t\t\n\t\t\t\t\t\t\t\t\t\t\t\t\t\t\t\t\t\t\n\t\t\t\t\t\t\t<div class=\"post-header\">\n\t\t\t\t\t\t\t\t\t\n\t\t\t\t\t\t\t\t<h3 class=\"title\">\n\t\t\t\t\t\t\t\t\t \n\t\t\t\t\t\t\t\t\t\t<a href=\"https:\/\/gabriella5.ch\/index.php\/2019\/06\/10\/show-pedagogique\/\">\t\t\t\t\t\t\t\t\t\t\tShow p\u00e9dagogique\t\t\t\t\t\t\t\t\t\t <\/a> \n\t\t\t\t\t\t\t\t\t\t\t\t\t\t\t\t\t<\/h3>\n\n\t\t\t\t\t\t\t\t\t\t\t\t\t\t\t<\/div><!--\/post-header-->\n\t\t\t\t\t\t<div class=\"excerpt\">Une belle id\u00e9e Le jour ils enseignent les langues, l'histoire, la g\u00e9o, la physique, la chimie, la philosophie... dans plusieurs \u00e9coles priv\u00e9es de la ville.\u00a0\u2026<\/div><div class=\"grav-wrap\"><a href=\"https:\/\/gabriella5.ch\/index.php\/author\/gabandco\/\"><img alt='gabandco' src='https:\/\/secure.gravatar.com\/avatar\/daf236dfdf0657a30bcd50e78647efe5ac1772cfc030a9073624d1766ff72ecb?s=70&#038;d=mm&#038;r=g' srcset='https:\/\/secure.gravatar.com\/avatar\/daf236dfdf0657a30bcd50e78647efe5ac1772cfc030a9073624d1766ff72ecb?s=140&#038;d=mm&#038;r=g 2x' class='avatar avatar-70 photo' height='70' width='70' \/><\/a><div class=\"text\"><a href=\"https:\/\/gabriella5.ch\/index.php\/author\/gabandco\/\" rel=\"author\">gabandco<\/a><span>10 juin 2019<\/span><\/div><\/div>\t\t\t\t\t\t\t\n\t\t\t\t\t\t<\/div><!--article-content-wrap-->\n\n\t\t\t\t\t\t\t\t\t\t\n\t\t\t\t   \n\t\t\t\t\t\t\t\t\t\t\n\t\t\t\t\t\t\t\t\t\t\t\n\t\t\t\t<\/div><!--\/content-inner-->\n\n\t\t\t\t\t\t\n\t\t<\/div><!--\/post-content-->\n\n\t<\/div><!--\/inner-wrap-->\n\t\t\n<\/article><!--\/article-->\n\t\t\t\t\t\t\t\n\t\t\t\t\n<article id=\"post-6726\" class=\"regular masonry-blog-item post-6726 post type-post status-publish format-standard has-post-thumbnail category-infospratiques category-infos-scolarite\">\n\n\t<div class=\"inner-wrap animated\">\n\n\t\t<div class=\"post-content\">\n\t\t\t\n\t\t\t\t\t\t\t\n\t\t\t\t\t\t\t\t\n\t\t\t\t\t\t\t\t\n\t\t\t\t\t\t\n\t\t\t\n\n\t\t\t\n\t\t\t\t<div class=\"content-inner\">\n\t\t\t\t\t\n\t\t\t\t\t <a class=\"entire-meta-link\" href=\"https:\/\/gabriella5.ch\/index.php\/2019\/02\/20\/zoom-sur-lecole-geo-tambau\/\"><\/a><a href=\"https:\/\/gabriella5.ch\/index.php\/2019\/02\/20\/zoom-sur-lecole-geo-tambau\/\"><span class=\"post-featured-img\"><img loading=\"lazy\" decoding=\"async\" width=\"1000\" height=\"750\" src=\"https:\/\/gabriella5.ch\/wp-content\/uploads\/2019\/02\/geo-classe-1000x750.jpg\" class=\"attachment-large size-large skip-lazy wp-post-image\" alt=\"\" title=\"\" srcset=\"https:\/\/gabriella5.ch\/wp-content\/uploads\/2019\/02\/geo-classe.jpg 1000w, https:\/\/gabriella5.ch\/wp-content\/uploads\/2019\/02\/geo-classe-300x225.jpg 300w, https:\/\/gabriella5.ch\/wp-content\/uploads\/2019\/02\/geo-classe-768x576.jpg 768w\" sizes=\"auto, (max-width: 1000px) 100vw, 1000px\" \/><\/span><\/a>\t\t\t\t\t\n\t\t\t\t\t\t\t\t\t\t\t\n\t\t\t\t\t\t\n\t\t\t\t\t\t\t\n\t\t\t\t\t\t<span class=\"meta-category\"><a class=\"infospratiques\" href=\"https:\/\/gabriella5.ch\/index.php\/category\/infospratiques\/\">Infos pratiques<\/a><a class=\"infos-scolarite\" href=\"https:\/\/gabriella5.ch\/index.php\/category\/infospratiques\/infos-scolarite\/\">Scolarit\u00e9<\/a><\/span>\n\t\t\t\t\t\t<div class=\"article-content-wrap\">\n\t\t\t\t\t\t\t\n\t\t\t\t\t\t\t\t\t\t\t\t\t\t\t\t\t\t\n\t\t\t\t\t\t\t<div class=\"post-header\">\n\t\t\t\t\t\t\t\t\t\n\t\t\t\t\t\t\t\t<h3 class=\"title\">\n\t\t\t\t\t\t\t\t\t \n\t\t\t\t\t\t\t\t\t\t<a href=\"https:\/\/gabriella5.ch\/index.php\/2019\/02\/20\/zoom-sur-lecole-geo-tambau\/\">\t\t\t\t\t\t\t\t\t\t\tZoom sur l&rsquo;\u00e9cole GEO\t\t\t\t\t\t\t\t\t\t <\/a> \n\t\t\t\t\t\t\t\t\t\t\t\t\t\t\t\t\t<\/h3>\n\n\t\t\t\t\t\t\t\t\t\t\t\t\t\t\t<\/div><!--\/post-header-->\n\t\t\t\t\t\t<div class=\"excerpt\">Mes filles sont inscrites \u00e0 l'\u00e9cole GEO de Tamba\u00fa (qui fait partie du groupe SEB). Elles y ont \u00e9t\u00e9 accueillies avec une incroyable gentillesse et\u2026<\/div><div class=\"grav-wrap\"><a href=\"https:\/\/gabriella5.ch\/index.php\/author\/gabandco\/\"><img alt='gabandco' src='https:\/\/secure.gravatar.com\/avatar\/daf236dfdf0657a30bcd50e78647efe5ac1772cfc030a9073624d1766ff72ecb?s=70&#038;d=mm&#038;r=g' srcset='https:\/\/secure.gravatar.com\/avatar\/daf236dfdf0657a30bcd50e78647efe5ac1772cfc030a9073624d1766ff72ecb?s=140&#038;d=mm&#038;r=g 2x' class='avatar avatar-70 photo' height='70' width='70' \/><\/a><div class=\"text\"><a href=\"https:\/\/gabriella5.ch\/index.php\/author\/gabandco\/\" rel=\"author\">gabandco<\/a><span>20 f\u00e9vrier 2019<\/span><\/div><\/div>\t\t\t\t\t\t\t\n\t\t\t\t\t\t<\/div><!--article-content-wrap-->\n\n\t\t\t\t\t\t\t\t\t\t\n\t\t\t\t   \n\t\t\t\t\t\t\t\t\t\t\n\t\t\t\t\t\t\t\t\t\t\t\n\t\t\t\t<\/div><!--\/content-inner-->\n\n\t\t\t\t\t\t\n\t\t<\/div><!--\/post-content-->\n\n\t<\/div><!--\/inner-wrap-->\n\t\t\n<\/article><!--\/article-->\n\t\t\t\t\t\t\t\n\t\t\t\t\n<article id=\"post-6719\" class=\"regular masonry-blog-item post-6719 post type-post status-publish format-standard has-post-thumbnail category-infospratiques category-paperasserie category-infos-scolarite\">\n\n\t<div class=\"inner-wrap animated\">\n\n\t\t<div class=\"post-content\">\n\t\t\t\n\t\t\t\t\t\t\t\n\t\t\t\t\t\t\t\t\n\t\t\t\t\t\t\t\t\n\t\t\t\t\t\t\n\t\t\t\n\n\t\t\t\n\t\t\t\t<div class=\"content-inner\">\n\t\t\t\t\t\n\t\t\t\t\t <a class=\"entire-meta-link\" href=\"https:\/\/gabriella5.ch\/index.php\/2019\/02\/20\/inscrire-dans-une-ecole-bresilienne\/\"><\/a><a href=\"https:\/\/gabriella5.ch\/index.php\/2019\/02\/20\/inscrire-dans-une-ecole-bresilienne\/\"><span class=\"post-featured-img\"><img loading=\"lazy\" decoding=\"async\" width=\"944\" height=\"585\" src=\"https:\/\/gabriella5.ch\/wp-content\/uploads\/2019\/02\/img3.jpg\" class=\"attachment-large size-large skip-lazy wp-post-image\" alt=\"\" title=\"\" srcset=\"https:\/\/gabriella5.ch\/wp-content\/uploads\/2019\/02\/img3.jpg 944w, https:\/\/gabriella5.ch\/wp-content\/uploads\/2019\/02\/img3-300x186.jpg 300w, https:\/\/gabriella5.ch\/wp-content\/uploads\/2019\/02\/img3-768x476.jpg 768w\" sizes=\"auto, (max-width: 944px) 100vw, 944px\" \/><\/span><\/a>\t\t\t\t\t\n\t\t\t\t\t\t\t\t\t\t\t\n\t\t\t\t\t\t\n\t\t\t\t\t\t\t\n\t\t\t\t\t\t<span class=\"meta-category\"><a class=\"infospratiques\" href=\"https:\/\/gabriella5.ch\/index.php\/category\/infospratiques\/\">Infos pratiques<\/a><a class=\"paperasserie\" href=\"https:\/\/gabriella5.ch\/index.php\/category\/infospratiques\/paperasserie\/\">Paperasserie<\/a><a class=\"infos-scolarite\" href=\"https:\/\/gabriella5.ch\/index.php\/category\/infospratiques\/infos-scolarite\/\">Scolarit\u00e9<\/a><\/span>\n\t\t\t\t\t\t<div class=\"article-content-wrap\">\n\t\t\t\t\t\t\t\n\t\t\t\t\t\t\t\t\t\t\t\t\t\t\t\t\t\t\n\t\t\t\t\t\t\t<div class=\"post-header\">\n\t\t\t\t\t\t\t\t\t\n\t\t\t\t\t\t\t\t<h3 class=\"title\">\n\t\t\t\t\t\t\t\t\t \n\t\t\t\t\t\t\t\t\t\t<a href=\"https:\/\/gabriella5.ch\/index.php\/2019\/02\/20\/inscrire-dans-une-ecole-bresilienne\/\">\t\t\t\t\t\t\t\t\t\t\tInscription en \u00e9cole br\u00e9silienne\t\t\t\t\t\t\t\t\t\t <\/a> \n\t\t\t\t\t\t\t\t\t\t\t\t\t\t\t\t\t<\/h3>\n\n\t\t\t\t\t\t\t\t\t\t\t\t\t\t\t<\/div><!--\/post-header-->\n\t\t\t\t\t\t<div class=\"excerpt\">Pour pouvoir inscrire un \u00e9l\u00e8ve dans une \u00e9cole br\u00e9silienne, priv\u00e9e ou publique, il faut avoir du temps et beaucoup de patience ! Voici les \u00e9tapes\u2026<\/div><div class=\"grav-wrap\"><a href=\"https:\/\/gabriella5.ch\/index.php\/author\/gabandco\/\"><img alt='gabandco' src='https:\/\/secure.gravatar.com\/avatar\/daf236dfdf0657a30bcd50e78647efe5ac1772cfc030a9073624d1766ff72ecb?s=70&#038;d=mm&#038;r=g' srcset='https:\/\/secure.gravatar.com\/avatar\/daf236dfdf0657a30bcd50e78647efe5ac1772cfc030a9073624d1766ff72ecb?s=140&#038;d=mm&#038;r=g 2x' class='avatar avatar-70 photo' height='70' width='70' \/><\/a><div class=\"text\"><a href=\"https:\/\/gabriella5.ch\/index.php\/author\/gabandco\/\" rel=\"author\">gabandco<\/a><span>20 f\u00e9vrier 2019<\/span><\/div><\/div>\t\t\t\t\t\t\t\n\t\t\t\t\t\t<\/div><!--article-content-wrap-->\n\n\t\t\t\t\t\t\t\t\t\t\n\t\t\t\t   \n\t\t\t\t\t\t\t\t\t\t\n\t\t\t\t\t\t\t\t\t\t\t\n\t\t\t\t<\/div><!--\/content-inner-->\n\n\t\t\t\t\t\t\n\t\t<\/div><!--\/post-content-->\n\n\t<\/div><!--\/inner-wrap-->\n\t\t\n<\/article><!--\/article-->\n\t\t\t\t\t\t\t\n\t\t\t\t\n<article id=\"post-6678\" class=\"regular masonry-blog-item post-6678 post type-post status-publish format-standard has-post-thumbnail category-infospratiques category-infos-scolarite\">\n\n\t<div class=\"inner-wrap animated\">\n\n\t\t<div class=\"post-content\">\n\t\t\t\n\t\t\t\t\t\t\t\n\t\t\t\t\t\t\t\t\n\t\t\t\t\t\t\t\t\n\t\t\t\t\t\t\n\t\t\t\n\n\t\t\t\n\t\t\t\t<div class=\"content-inner\">\n\t\t\t\t\t\n\t\t\t\t\t <a class=\"entire-meta-link\" href=\"https:\/\/gabriella5.ch\/index.php\/2019\/02\/19\/ecole-francaise-a-distance\/\"><\/a><a href=\"https:\/\/gabriella5.ch\/index.php\/2019\/02\/19\/ecole-francaise-a-distance\/\"><span class=\"post-featured-img\"><img loading=\"lazy\" decoding=\"async\" width=\"833\" height=\"547\" src=\"https:\/\/gabriella5.ch\/wp-content\/uploads\/2019\/02\/ecoledistance-img.jpg\" class=\"attachment-large size-large skip-lazy wp-post-image\" alt=\"\" title=\"\" srcset=\"https:\/\/gabriella5.ch\/wp-content\/uploads\/2019\/02\/ecoledistance-img.jpg 833w, https:\/\/gabriella5.ch\/wp-content\/uploads\/2019\/02\/ecoledistance-img-300x197.jpg 300w, https:\/\/gabriella5.ch\/wp-content\/uploads\/2019\/02\/ecoledistance-img-768x504.jpg 768w\" sizes=\"auto, (max-width: 833px) 100vw, 833px\" \/><\/span><\/a>\t\t\t\t\t\n\t\t\t\t\t\t\t\t\t\t\t\n\t\t\t\t\t\t\n\t\t\t\t\t\t\t\n\t\t\t\t\t\t<span class=\"meta-category\"><a class=\"infospratiques\" href=\"https:\/\/gabriella5.ch\/index.php\/category\/infospratiques\/\">Infos pratiques<\/a><a class=\"infos-scolarite\" href=\"https:\/\/gabriella5.ch\/index.php\/category\/infospratiques\/infos-scolarite\/\">Scolarit\u00e9<\/a><\/span>\n\t\t\t\t\t\t<div class=\"article-content-wrap\">\n\t\t\t\t\t\t\t\n\t\t\t\t\t\t\t\t\t\t\t\t\t\t\t\t\t\t\n\t\t\t\t\t\t\t<div class=\"post-header\">\n\t\t\t\t\t\t\t\t\t\n\t\t\t\t\t\t\t\t<h3 class=\"title\">\n\t\t\t\t\t\t\t\t\t \n\t\t\t\t\t\t\t\t\t\t<a href=\"https:\/\/gabriella5.ch\/index.php\/2019\/02\/19\/ecole-francaise-a-distance\/\">\t\t\t\t\t\t\t\t\t\t\t\u00c9cole fran\u00e7aise \u00e0 distance\t\t\t\t\t\t\t\t\t\t <\/a> \n\t\t\t\t\t\t\t\t\t\t\t\t\t\t\t\t\t<\/h3>\n\n\t\t\t\t\t\t\t\t\t\t\t\t\t\t\t<\/div><!--\/post-header-->\n\t\t\t\t\t\t<div class=\"excerpt\">Les diff\u00e9rentes propositions Il existe plusieurs possibilit\u00e9s pour suivre le syst\u00e8me scolaire fran\u00e7ais \u00e0 distance. \u00c7a vaudrait la peine d'investiguer plus profond\u00e9ment les diff\u00e9rentes offres\u2026<\/div><div class=\"grav-wrap\"><a href=\"https:\/\/gabriella5.ch\/index.php\/author\/gabandco\/\"><img alt='gabandco' src='https:\/\/secure.gravatar.com\/avatar\/daf236dfdf0657a30bcd50e78647efe5ac1772cfc030a9073624d1766ff72ecb?s=70&#038;d=mm&#038;r=g' srcset='https:\/\/secure.gravatar.com\/avatar\/daf236dfdf0657a30bcd50e78647efe5ac1772cfc030a9073624d1766ff72ecb?s=140&#038;d=mm&#038;r=g 2x' class='avatar avatar-70 photo' height='70' width='70' \/><\/a><div class=\"text\"><a href=\"https:\/\/gabriella5.ch\/index.php\/author\/gabandco\/\" rel=\"author\">gabandco<\/a><span>19 f\u00e9vrier 2019<\/span><\/div><\/div>\t\t\t\t\t\t\t\n\t\t\t\t\t\t<\/div><!--article-content-wrap-->\n\n\t\t\t\t\t\t\t\t\t\t\n\t\t\t\t   \n\t\t\t\t\t\t\t\t\t\t\n\t\t\t\t\t\t\t\t\t\t\t\n\t\t\t\t<\/div><!--\/content-inner-->\n\n\t\t\t\t\t\t\n\t\t<\/div><!--\/post-content-->\n\n\t<\/div><!--\/inner-wrap-->\n\t\t\n<\/article><!--\/article-->\n\t\t\t\t\t\t\t\n\t\t\t\t\n<article id=\"post-6667\" class=\"regular masonry-blog-item post-6667 post type-post status-publish format-standard has-post-thumbnail category-infospratiques category-infos-scolarite\">\n\n\t<div class=\"inner-wrap animated\">\n\n\t\t<div class=\"post-content\">\n\t\t\t\n\t\t\t\t\t\t\t\n\t\t\t\t\t\t\t\t\n\t\t\t\t\t\t\t\t\n\t\t\t\t\t\t\n\t\t\t\n\n\t\t\t\n\t\t\t\t<div class=\"content-inner\">\n\t\t\t\t\t\n\t\t\t\t\t <a class=\"entire-meta-link\" href=\"https:\/\/gabriella5.ch\/index.php\/2019\/02\/18\/ecoles\/\"><\/a><a href=\"https:\/\/gabriella5.ch\/index.php\/2019\/02\/18\/ecoles\/\"><span class=\"post-featured-img\"><img loading=\"lazy\" decoding=\"async\" width=\"944\" height=\"585\" src=\"https:\/\/gabriella5.ch\/wp-content\/uploads\/2019\/02\/ecole-img.jpg\" class=\"attachment-large size-large skip-lazy wp-post-image\" alt=\"\" title=\"\" srcset=\"https:\/\/gabriella5.ch\/wp-content\/uploads\/2019\/02\/ecole-img.jpg 944w, https:\/\/gabriella5.ch\/wp-content\/uploads\/2019\/02\/ecole-img-300x186.jpg 300w, https:\/\/gabriella5.ch\/wp-content\/uploads\/2019\/02\/ecole-img-768x476.jpg 768w\" sizes=\"auto, (max-width: 944px) 100vw, 944px\" \/><\/span><\/a>\t\t\t\t\t\n\t\t\t\t\t\t\t\t\t\t\t\n\t\t\t\t\t\t\n\t\t\t\t\t\t\t\n\t\t\t\t\t\t<span class=\"meta-category\"><a class=\"infospratiques\" href=\"https:\/\/gabriella5.ch\/index.php\/category\/infospratiques\/\">Infos pratiques<\/a><a class=\"infos-scolarite\" href=\"https:\/\/gabriella5.ch\/index.php\/category\/infospratiques\/infos-scolarite\/\">Scolarit\u00e9<\/a><\/span>\n\t\t\t\t\t\t<div class=\"article-content-wrap\">\n\t\t\t\t\t\t\t\n\t\t\t\t\t\t\t\t\t\t\t\t\t\t\t\t\t\t\n\t\t\t\t\t\t\t<div class=\"post-header\">\n\t\t\t\t\t\t\t\t\t\n\t\t\t\t\t\t\t\t<h3 class=\"title\">\n\t\t\t\t\t\t\t\t\t \n\t\t\t\t\t\t\t\t\t\t<a href=\"https:\/\/gabriella5.ch\/index.php\/2019\/02\/18\/ecoles\/\">\t\t\t\t\t\t\t\t\t\t\tEcoles de Jo\u00e3o Pessoa\t\t\t\t\t\t\t\t\t\t <\/a> \n\t\t\t\t\t\t\t\t\t\t\t\t\t\t\t\t\t<\/h3>\n\n\t\t\t\t\t\t\t\t\t\t\t\t\t\t\t<\/div><!--\/post-header-->\n\t\t\t\t\t\t<div class=\"excerpt\">L'\u00e9cole br\u00e9silienne est \u00e0 l'image de sa soci\u00e9t\u00e9 : \u00e0 deux vitesses. Il y a l'\u00e9cole publique o\u00f9 l'enseignement jusqu'au lyc\u00e9e est de qualit\u00e9 tr\u00e8s\u2026<\/div><div class=\"grav-wrap\"><a href=\"https:\/\/gabriella5.ch\/index.php\/author\/gabandco\/\"><img alt='gabandco' src='https:\/\/secure.gravatar.com\/avatar\/daf236dfdf0657a30bcd50e78647efe5ac1772cfc030a9073624d1766ff72ecb?s=70&#038;d=mm&#038;r=g' srcset='https:\/\/secure.gravatar.com\/avatar\/daf236dfdf0657a30bcd50e78647efe5ac1772cfc030a9073624d1766ff72ecb?s=140&#038;d=mm&#038;r=g 2x' class='avatar avatar-70 photo' height='70' width='70' \/><\/a><div class=\"text\"><a href=\"https:\/\/gabriella5.ch\/index.php\/author\/gabandco\/\" rel=\"author\">gabandco<\/a><span>18 f\u00e9vrier 2019<\/span><\/div><\/div>\t\t\t\t\t\t\t\n\t\t\t\t\t\t<\/div><!--article-content-wrap-->\n\n\t\t\t\t\t\t\t\t\t\t\n\t\t\t\t   \n\t\t\t\t\t\t\t\t\t\t\n\t\t\t\t\t\t\t\t\t\t\t\n\t\t\t\t<\/div><!--\/content-inner-->\n\n\t\t\t\t\t\t\n\t\t<\/div><!--\/post-content-->\n\n\t<\/div><!--\/inner-wrap-->\n\t\t\n<\/article><!--\/article-->\n\t\t\t\t\t\t\n\t\t\t<\/div><!--\/posts container-->\n\t\t\t\n\t\t\t\t\t\n  <\/div><!--\/post area-->\n  \n  \t\t\n\t\n\t<\/div>\n\t\n\t[\/vc_column][\/vc_row]\n","protected":false},"excerpt":{"rendered":"<p>[vc_row type=\u00a0\u00bbin_container\u00a0\u00bb full_screen_row_position=\u00a0\u00bbmiddle\u00a0\u00bb scene_position=\u00a0\u00bbcenter\u00a0\u00bb text_color=\u00a0\u00bbdark\u00a0\u00bb text_align=\u00a0\u00bbleft\u00a0\u00bb overlay_strength=\u00a0\u00bb0.3&Prime; shape_divider_position=\u00a0\u00bbbottom\u00a0\u00bb][vc_column column_padding=\u00a0\u00bbno-extra-padding\u00a0\u00bb column_padding_position=\u00a0\u00bball\u00a0\u00bb background_color_opacity=\u00a0\u00bb1&Prime; background_hover_color_opacity=\u00a0\u00bb1&Prime; column_link_target=\u00a0\u00bb_self\u00a0\u00bb column_shadow=\u00a0\u00bbnone\u00a0\u00bb column_border_radius=\u00a0\u00bbnone\u00a0\u00bb top_margin=\u00a0\u00bb20&Prime; width=\u00a0\u00bb1\/1&Prime; tablet_width_inherit=\u00a0\u00bbdefault\u00a0\u00bb tablet_text_alignment=\u00a0\u00bbdefault\u00a0\u00bb phone_text_alignment=\u00a0\u00bbdefault\u00a0\u00bb column_border_width=\u00a0\u00bbnone\u00a0\u00bb column_border_style=\u00a0\u00bbsolid\u00a0\u00bb][\/vc_column][\/vc_row]<\/p>\n","protected":false},"author":1,"featured_media":6701,"parent":19,"menu_order":0,"comment_status":"closed","ping_status":"closed","template":"","meta":{"_monsterinsights_skip_tracking":false,"_monsterinsights_sitenote_active":false,"_monsterinsights_sitenote_note":"","_monsterinsights_sitenote_category":0,"footnotes":""},"class_list":["post-6698","page","type-page","status-publish","has-post-thumbnail"],"_links":{"self":[{"href":"https:\/\/gabriella5.ch\/index.php\/wp-json\/wp\/v2\/pages\/6698","targetHints":{"allow":["GET"]}}],"collection":[{"href":"https:\/\/gabriella5.ch\/index.php\/wp-json\/wp\/v2\/pages"}],"about":[{"href":"https:\/\/gabriella5.ch\/index.php\/wp-json\/wp\/v2\/types\/page"}],"author":[{"embeddable":true,"href":"https:\/\/gabriella5.ch\/index.php\/wp-json\/wp\/v2\/users\/1"}],"replies":[{"embeddable":true,"href":"https:\/\/gabriella5.ch\/index.php\/wp-json\/wp\/v2\/comments?post=6698"}],"version-history":[{"count":6,"href":"https:\/\/gabriella5.ch\/index.php\/wp-json\/wp\/v2\/pages\/6698\/revisions"}],"predecessor-version":[{"id":6749,"href":"https:\/\/gabriella5.ch\/index.php\/wp-json\/wp\/v2\/pages\/6698\/revisions\/6749"}],"up":[{"embeddable":true,"href":"https:\/\/gabriella5.ch\/index.php\/wp-json\/wp\/v2\/pages\/19"}],"wp:featuredmedia":[{"embeddable":true,"href":"https:\/\/gabriella5.ch\/index.php\/wp-json\/wp\/v2\/media\/6701"}],"wp:attachment":[{"href":"https:\/\/gabriella5.ch\/index.php\/wp-json\/wp\/v2\/media?parent=6698"}],"curies":[{"name":"wp","href":"https:\/\/api.w.org\/{rel}","templated":true}]}}