{"id":6887,"date":"2019-04-03T14:47:09","date_gmt":"2019-04-03T17:47:09","guid":{"rendered":"http:\/\/www.gabriella5.ch\/?page_id=6887"},"modified":"2019-04-08T21:41:18","modified_gmt":"2019-04-09T00:41:18","slug":"joao-pessoa","status":"publish","type":"page","link":"https:\/\/gabriella5.ch\/index.php\/blog\/joao-pessoa\/","title":{"rendered":"Jo\u00e3o Pessoa"},"content":{"rendered":"[vc_row type=\u00a0\u00bbin_container\u00a0\u00bb full_screen_row_position=\u00a0\u00bbmiddle\u00a0\u00bb scene_position=\u00a0\u00bbcenter\u00a0\u00bb text_color=\u00a0\u00bbdark\u00a0\u00bb text_align=\u00a0\u00bbleft\u00a0\u00bb overlay_strength=\u00a0\u00bb0.3&Prime; shape_divider_position=\u00a0\u00bbbottom\u00a0\u00bb][vc_column column_padding=\u00a0\u00bbno-extra-padding\u00a0\u00bb column_padding_position=\u00a0\u00bball\u00a0\u00bb background_color_opacity=\u00a0\u00bb1&Prime; background_hover_color_opacity=\u00a0\u00bb1&Prime; column_link_target=\u00a0\u00bb_self\u00a0\u00bb column_shadow=\u00a0\u00bbnone\u00a0\u00bb column_border_radius=\u00a0\u00bbnone\u00a0\u00bb top_margin=\u00a0\u00bb20&Prime; width=\u00a0\u00bb1\/1&Prime; tablet_width_inherit=\u00a0\u00bbdefault\u00a0\u00bb tablet_text_alignment=\u00a0\u00bbdefault\u00a0\u00bb phone_text_alignment=\u00a0\u00bbdefault\u00a0\u00bb column_border_width=\u00a0\u00bbnone\u00a0\u00bb column_border_style=\u00a0\u00bbsolid\u00a0\u00bb]\t\n\t<div class=\"row\">\n\t\n\t <div class=\"post-area col  span_12 col_last masonry material  \" data-ams=\"\"> <div class=\"posts-container\" data-load-animation=\"none\">\t\t\t\t\n\t\t\t\t\n<article id=\"post-6921\" class=\"regular masonry-blog-item post-6921 post type-post status-publish format-standard has-post-thumbnail category-infospratiques category-jampa\">\n\n\t<div class=\"inner-wrap animated\">\n\n\t\t<div class=\"post-content\">\n\t\t\t\n\t\t\t\t\t\t\t\n\t\t\t\t\t\t\t\t\n\t\t\t\t\t\t\t\t\n\t\t\t\t\t\t\n\t\t\t\n\n\t\t\t\n\t\t\t\t<div class=\"content-inner\">\n\t\t\t\t\t\n\t\t\t\t\t <a class=\"entire-meta-link\" href=\"https:\/\/gabriella5.ch\/index.php\/2019\/04\/08\/a-faire-et-a-voir\/\"><\/a><a href=\"https:\/\/gabriella5.ch\/index.php\/2019\/04\/08\/a-faire-et-a-voir\/\"><span class=\"post-featured-img\"><img loading=\"lazy\" decoding=\"async\" width=\"344\" height=\"307\" src=\"https:\/\/gabriella5.ch\/wp-content\/uploads\/2019\/04\/Afaire-1.jpg\" class=\"attachment-large size-large skip-lazy wp-post-image\" alt=\"\" title=\"\" srcset=\"https:\/\/gabriella5.ch\/wp-content\/uploads\/2019\/04\/Afaire-1.jpg 344w, https:\/\/gabriella5.ch\/wp-content\/uploads\/2019\/04\/Afaire-1-300x268.jpg 300w\" sizes=\"auto, (max-width: 344px) 100vw, 344px\" \/><\/span><\/a>\t\t\t\t\t\n\t\t\t\t\t\t\t\t\t\t\t\n\t\t\t\t\t\t\n\t\t\t\t\t\t\t\n\t\t\t\t\t\t<span class=\"meta-category\"><a class=\"infospratiques\" href=\"https:\/\/gabriella5.ch\/index.php\/category\/infospratiques\/\">Infos pratiques<\/a><a class=\"jampa\" href=\"https:\/\/gabriella5.ch\/index.php\/category\/infospratiques\/jampa\/\">Jampa<\/a><\/span>\n\t\t\t\t\t\t<div class=\"article-content-wrap\">\n\t\t\t\t\t\t\t\n\t\t\t\t\t\t\t\t\t\t\t\t\t\t\t\t\t\t\n\t\t\t\t\t\t\t<div class=\"post-header\">\n\t\t\t\t\t\t\t\t\t\n\t\t\t\t\t\t\t\t<h3 class=\"title\">\n\t\t\t\t\t\t\t\t\t \n\t\t\t\t\t\t\t\t\t\t<a href=\"https:\/\/gabriella5.ch\/index.php\/2019\/04\/08\/a-faire-et-a-voir\/\">\t\t\t\t\t\t\t\t\t\t\tA faire et \u00e0 voir\t\t\t\t\t\t\t\t\t\t <\/a> \n\t\t\t\t\t\t\t\t\t\t\t\t\t\t\t\t\t<\/h3>\n\n\t\t\t\t\t\t\t\t\t\t\t\t\t\t\t<\/div><!--\/post-header-->\n\t\t\t\t\t\t<div class=\"excerpt\">Jo\u00e2o Pessoa est un haut lieu du tourisme br\u00e9silien. Connue pour sa beaut\u00e9, ses plages, son histoire, sa tranquillit\u00e9, la ville propose de nombreuses choses\u2026<\/div><div class=\"grav-wrap\"><a href=\"https:\/\/gabriella5.ch\/index.php\/author\/gabandco\/\"><img alt='gabandco' src='https:\/\/secure.gravatar.com\/avatar\/daf236dfdf0657a30bcd50e78647efe5ac1772cfc030a9073624d1766ff72ecb?s=70&#038;d=mm&#038;r=g' srcset='https:\/\/secure.gravatar.com\/avatar\/daf236dfdf0657a30bcd50e78647efe5ac1772cfc030a9073624d1766ff72ecb?s=140&#038;d=mm&#038;r=g 2x' class='avatar avatar-70 photo' height='70' width='70' \/><\/a><div class=\"text\"><a href=\"https:\/\/gabriella5.ch\/index.php\/author\/gabandco\/\" rel=\"author\">gabandco<\/a><span>8 avril 2019<\/span><\/div><\/div>\t\t\t\t\t\t\t\n\t\t\t\t\t\t<\/div><!--article-content-wrap-->\n\n\t\t\t\t\t\t\t\t\t\t\n\t\t\t\t   \n\t\t\t\t\t\t\t\t\t\t\n\t\t\t\t\t\t\t\t\t\t\t\n\t\t\t\t<\/div><!--\/content-inner-->\n\n\t\t\t\t\t\t\n\t\t<\/div><!--\/post-content-->\n\n\t<\/div><!--\/inner-wrap-->\n\t\t\n<\/article><!--\/article-->\n\t\t\t\t\t\t\t\n\t\t\t\t\n<article id=\"post-6907\" class=\"regular masonry-blog-item post-6907 post type-post status-publish format-standard has-post-thumbnail category-infospratiques category-jampa\">\n\n\t<div class=\"inner-wrap animated\">\n\n\t\t<div class=\"post-content\">\n\t\t\t\n\t\t\t\t\t\t\t\n\t\t\t\t\t\t\t\t\n\t\t\t\t\t\t\t\t\n\t\t\t\t\t\t\n\t\t\t\n\n\t\t\t\n\t\t\t\t<div class=\"content-inner\">\n\t\t\t\t\t\n\t\t\t\t\t <a class=\"entire-meta-link\" href=\"https:\/\/gabriella5.ch\/index.php\/2019\/04\/08\/geographie\/\"><\/a><a href=\"https:\/\/gabriella5.ch\/index.php\/2019\/04\/08\/geographie\/\"><span class=\"post-featured-img\"><img loading=\"lazy\" decoding=\"async\" width=\"344\" height=\"307\" src=\"https:\/\/gabriella5.ch\/wp-content\/uploads\/2019\/04\/geographie-1.jpg\" class=\"attachment-large size-large skip-lazy wp-post-image\" alt=\"\" title=\"\" srcset=\"https:\/\/gabriella5.ch\/wp-content\/uploads\/2019\/04\/geographie-1.jpg 344w, https:\/\/gabriella5.ch\/wp-content\/uploads\/2019\/04\/geographie-1-300x268.jpg 300w\" sizes=\"auto, (max-width: 344px) 100vw, 344px\" \/><\/span><\/a>\t\t\t\t\t\n\t\t\t\t\t\t\t\t\t\t\t\n\t\t\t\t\t\t\n\t\t\t\t\t\t\t\n\t\t\t\t\t\t<span class=\"meta-category\"><a class=\"infospratiques\" href=\"https:\/\/gabriella5.ch\/index.php\/category\/infospratiques\/\">Infos pratiques<\/a><a class=\"jampa\" href=\"https:\/\/gabriella5.ch\/index.php\/category\/infospratiques\/jampa\/\">Jampa<\/a><\/span>\n\t\t\t\t\t\t<div class=\"article-content-wrap\">\n\t\t\t\t\t\t\t\n\t\t\t\t\t\t\t\t\t\t\t\t\t\t\t\t\t\t\n\t\t\t\t\t\t\t<div class=\"post-header\">\n\t\t\t\t\t\t\t\t\t\n\t\t\t\t\t\t\t\t<h3 class=\"title\">\n\t\t\t\t\t\t\t\t\t \n\t\t\t\t\t\t\t\t\t\t<a href=\"https:\/\/gabriella5.ch\/index.php\/2019\/04\/08\/geographie\/\">\t\t\t\t\t\t\t\t\t\t\tG\u00e9ographie\t\t\t\t\t\t\t\t\t\t <\/a> \n\t\t\t\t\t\t\t\t\t\t\t\t\t\t\t\t\t<\/h3>\n\n\t\t\t\t\t\t\t\t\t\t\t\t\t\t\t<\/div><!--\/post-header-->\n\t\t\t\t\t\t<div class=\"excerpt\">Situation Jo\u00e3o Pessoa est la capitale de l'Etat de Para\u00efba au Nordeste du Br\u00e9sil. Elle est la ville des Am\u00e9riques o\u00f9 le soleil se l\u00e8ve\u2026<\/div><div class=\"grav-wrap\"><a href=\"https:\/\/gabriella5.ch\/index.php\/author\/gabandco\/\"><img alt='gabandco' src='https:\/\/secure.gravatar.com\/avatar\/daf236dfdf0657a30bcd50e78647efe5ac1772cfc030a9073624d1766ff72ecb?s=70&#038;d=mm&#038;r=g' srcset='https:\/\/secure.gravatar.com\/avatar\/daf236dfdf0657a30bcd50e78647efe5ac1772cfc030a9073624d1766ff72ecb?s=140&#038;d=mm&#038;r=g 2x' class='avatar avatar-70 photo' height='70' width='70' \/><\/a><div class=\"text\"><a href=\"https:\/\/gabriella5.ch\/index.php\/author\/gabandco\/\" rel=\"author\">gabandco<\/a><span>8 avril 2019<\/span><\/div><\/div>\t\t\t\t\t\t\t\n\t\t\t\t\t\t<\/div><!--article-content-wrap-->\n\n\t\t\t\t\t\t\t\t\t\t\n\t\t\t\t   \n\t\t\t\t\t\t\t\t\t\t\n\t\t\t\t\t\t\t\t\t\t\t\n\t\t\t\t<\/div><!--\/content-inner-->\n\n\t\t\t\t\t\t\n\t\t<\/div><!--\/post-content-->\n\n\t<\/div><!--\/inner-wrap-->\n\t\t\n<\/article><!--\/article-->\n\t\t\t\t\t\t\t\n\t\t\t\t\n<article id=\"post-6892\" class=\"regular masonry-blog-item post-6892 post type-post status-publish format-standard has-post-thumbnail category-infospratiques category-jampa\">\n\n\t<div class=\"inner-wrap animated\">\n\n\t\t<div class=\"post-content\">\n\t\t\t\n\t\t\t\t\t\t\t\n\t\t\t\t\t\t\t\t\n\t\t\t\t\t\t\t\t\n\t\t\t\t\t\t\n\t\t\t\n\n\t\t\t\n\t\t\t\t<div class=\"content-inner\">\n\t\t\t\t\t\n\t\t\t\t\t <a class=\"entire-meta-link\" href=\"https:\/\/gabriella5.ch\/index.php\/2019\/04\/03\/un-peu-dhistoire\/\"><\/a><a href=\"https:\/\/gabriella5.ch\/index.php\/2019\/04\/03\/un-peu-dhistoire\/\"><span class=\"post-featured-img\"><img loading=\"lazy\" decoding=\"async\" width=\"750\" height=\"750\" src=\"https:\/\/gabriella5.ch\/wp-content\/uploads\/2019\/04\/histoire.jpg\" class=\"attachment-large size-large skip-lazy wp-post-image\" alt=\"\" title=\"\" srcset=\"https:\/\/gabriella5.ch\/wp-content\/uploads\/2019\/04\/histoire.jpg 750w, https:\/\/gabriella5.ch\/wp-content\/uploads\/2019\/04\/histoire-150x150.jpg 150w, https:\/\/gabriella5.ch\/wp-content\/uploads\/2019\/04\/histoire-300x300.jpg 300w, https:\/\/gabriella5.ch\/wp-content\/uploads\/2019\/04\/histoire-100x100.jpg 100w, https:\/\/gabriella5.ch\/wp-content\/uploads\/2019\/04\/histoire-140x140.jpg 140w, https:\/\/gabriella5.ch\/wp-content\/uploads\/2019\/04\/histoire-500x500.jpg 500w, https:\/\/gabriella5.ch\/wp-content\/uploads\/2019\/04\/histoire-350x350.jpg 350w\" sizes=\"auto, (max-width: 750px) 100vw, 750px\" \/><\/span><\/a>\t\t\t\t\t\n\t\t\t\t\t\t\t\t\t\t\t\n\t\t\t\t\t\t\n\t\t\t\t\t\t\t\n\t\t\t\t\t\t<span class=\"meta-category\"><a class=\"infospratiques\" href=\"https:\/\/gabriella5.ch\/index.php\/category\/infospratiques\/\">Infos pratiques<\/a><a class=\"jampa\" href=\"https:\/\/gabriella5.ch\/index.php\/category\/infospratiques\/jampa\/\">Jampa<\/a><\/span>\n\t\t\t\t\t\t<div class=\"article-content-wrap\">\n\t\t\t\t\t\t\t\n\t\t\t\t\t\t\t\t\t\t\t\t\t\t\t\t\t\t\n\t\t\t\t\t\t\t<div class=\"post-header\">\n\t\t\t\t\t\t\t\t\t\n\t\t\t\t\t\t\t\t<h3 class=\"title\">\n\t\t\t\t\t\t\t\t\t \n\t\t\t\t\t\t\t\t\t\t<a href=\"https:\/\/gabriella5.ch\/index.php\/2019\/04\/03\/un-peu-dhistoire\/\">\t\t\t\t\t\t\t\t\t\t\tUn peu d&rsquo;histoire, mais pas trop\t\t\t\t\t\t\t\t\t\t <\/a> \n\t\t\t\t\t\t\t\t\t\t\t\t\t\t\t\t\t<\/h3>\n\n\t\t\t\t\t\t\t\t\t\t\t\t\t\t\t<\/div><!--\/post-header-->\n\t\t\t\t\t\t<div class=\"excerpt\">Plusieurs ethnies indiennes occupaient tour \u00e0 tour la r\u00e9gion jusqu'\u00e0 l'arriv\u00e9e des portugais au XV\u00e8me si\u00e8cle ; les tapuias jusqu'au X\u00e8me si\u00e8cle, les tupi ensuite,\u2026<\/div><div class=\"grav-wrap\"><a href=\"https:\/\/gabriella5.ch\/index.php\/author\/gabandco\/\"><img alt='gabandco' src='https:\/\/secure.gravatar.com\/avatar\/daf236dfdf0657a30bcd50e78647efe5ac1772cfc030a9073624d1766ff72ecb?s=70&#038;d=mm&#038;r=g' srcset='https:\/\/secure.gravatar.com\/avatar\/daf236dfdf0657a30bcd50e78647efe5ac1772cfc030a9073624d1766ff72ecb?s=140&#038;d=mm&#038;r=g 2x' class='avatar avatar-70 photo' height='70' width='70' \/><\/a><div class=\"text\"><a href=\"https:\/\/gabriella5.ch\/index.php\/author\/gabandco\/\" rel=\"author\">gabandco<\/a><span>3 avril 2019<\/span><\/div><\/div>\t\t\t\t\t\t\t\n\t\t\t\t\t\t<\/div><!--article-content-wrap-->\n\n\t\t\t\t\t\t\t\t\t\t\n\t\t\t\t   \n\t\t\t\t\t\t\t\t\t\t\n\t\t\t\t\t\t\t\t\t\t\t\n\t\t\t\t<\/div><!--\/content-inner-->\n\n\t\t\t\t\t\t\n\t\t<\/div><!--\/post-content-->\n\n\t<\/div><!--\/inner-wrap-->\n\t\t\n<\/article><!--\/article-->\n\t\t\t\t\t\t\n\t\t\t<\/div><!--\/posts container-->\n\t\t\t\n\t\t\t\t\t\n  <\/div><!--\/post area-->\n  \n  \t\t\n\t\n\t<\/div>\n\t\n\t[\/vc_column][\/vc_row]\n","protected":false},"excerpt":{"rendered":"<p>[vc_row type=\u00a0\u00bbin_container\u00a0\u00bb full_screen_row_position=\u00a0\u00bbmiddle\u00a0\u00bb scene_position=\u00a0\u00bbcenter\u00a0\u00bb text_color=\u00a0\u00bbdark\u00a0\u00bb text_align=\u00a0\u00bbleft\u00a0\u00bb overlay_strength=\u00a0\u00bb0.3&Prime; shape_divider_position=\u00a0\u00bbbottom\u00a0\u00bb][vc_column column_padding=\u00a0\u00bbno-extra-padding\u00a0\u00bb column_padding_position=\u00a0\u00bball\u00a0\u00bb background_color_opacity=\u00a0\u00bb1&Prime; background_hover_color_opacity=\u00a0\u00bb1&Prime; column_link_target=\u00a0\u00bb_self\u00a0\u00bb column_shadow=\u00a0\u00bbnone\u00a0\u00bb column_border_radius=\u00a0\u00bbnone\u00a0\u00bb top_margin=\u00a0\u00bb20&Prime; width=\u00a0\u00bb1\/1&Prime; tablet_width_inherit=\u00a0\u00bbdefault\u00a0\u00bb tablet_text_alignment=\u00a0\u00bbdefault\u00a0\u00bb phone_text_alignment=\u00a0\u00bbdefault\u00a0\u00bb column_border_width=\u00a0\u00bbnone\u00a0\u00bb column_border_style=\u00a0\u00bbsolid\u00a0\u00bb][\/vc_column][\/vc_row]<\/p>\n","protected":false},"author":1,"featured_media":6889,"parent":19,"menu_order":0,"comment_status":"closed","ping_status":"closed","template":"","meta":{"_monsterinsights_skip_tracking":false,"_monsterinsights_sitenote_active":false,"_monsterinsights_sitenote_note":"","_monsterinsights_sitenote_category":0,"footnotes":""},"class_list":["post-6887","page","type-page","status-publish","has-post-thumbnail"],"_links":{"self":[{"href":"https:\/\/gabriella5.ch\/index.php\/wp-json\/wp\/v2\/pages\/6887","targetHints":{"allow":["GET"]}}],"collection":[{"href":"https:\/\/gabriella5.ch\/index.php\/wp-json\/wp\/v2\/pages"}],"about":[{"href":"https:\/\/gabriella5.ch\/index.php\/wp-json\/wp\/v2\/types\/page"}],"author":[{"embeddable":true,"href":"https:\/\/gabriella5.ch\/index.php\/wp-json\/wp\/v2\/users\/1"}],"replies":[{"embeddable":true,"href":"https:\/\/gabriella5.ch\/index.php\/wp-json\/wp\/v2\/comments?post=6887"}],"version-history":[{"count":5,"href":"https:\/\/gabriella5.ch\/index.php\/wp-json\/wp\/v2\/pages\/6887\/revisions"}],"predecessor-version":[{"id":6920,"href":"https:\/\/gabriella5.ch\/index.php\/wp-json\/wp\/v2\/pages\/6887\/revisions\/6920"}],"up":[{"embeddable":true,"href":"https:\/\/gabriella5.ch\/index.php\/wp-json\/wp\/v2\/pages\/19"}],"wp:featuredmedia":[{"embeddable":true,"href":"https:\/\/gabriella5.ch\/index.php\/wp-json\/wp\/v2\/media\/6889"}],"wp:attachment":[{"href":"https:\/\/gabriella5.ch\/index.php\/wp-json\/wp\/v2\/media?parent=6887"}],"curies":[{"name":"wp","href":"https:\/\/api.w.org\/{rel}","templated":true}]}}