{"id":7056,"date":"2019-06-16T21:14:12","date_gmt":"2019-06-17T00:14:12","guid":{"rendered":"http:\/\/www.gabriella5.ch\/?page_id=7056"},"modified":"2019-06-16T21:35:19","modified_gmt":"2019-06-17T00:35:19","slug":"alimentation","status":"publish","type":"page","link":"https:\/\/gabriella5.ch\/index.php\/focus\/alimentation\/","title":{"rendered":"Alimentation"},"content":{"rendered":"[vc_row type=\u00a0\u00bbin_container\u00a0\u00bb full_screen_row_position=\u00a0\u00bbmiddle\u00a0\u00bb scene_position=\u00a0\u00bbcenter\u00a0\u00bb text_color=\u00a0\u00bbdark\u00a0\u00bb text_align=\u00a0\u00bbleft\u00a0\u00bb overlay_strength=\u00a0\u00bb0.3&Prime; shape_divider_position=\u00a0\u00bbbottom\u00a0\u00bb][vc_column column_padding=\u00a0\u00bbno-extra-padding\u00a0\u00bb column_padding_position=\u00a0\u00bball\u00a0\u00bb background_color_opacity=\u00a0\u00bb1&Prime; background_hover_color_opacity=\u00a0\u00bb1&Prime; column_link_target=\u00a0\u00bb_self\u00a0\u00bb column_shadow=\u00a0\u00bbnone\u00a0\u00bb column_border_radius=\u00a0\u00bbnone\u00a0\u00bb width=\u00a0\u00bb1\/1&Prime; tablet_width_inherit=\u00a0\u00bbdefault\u00a0\u00bb tablet_text_alignment=\u00a0\u00bbdefault\u00a0\u00bb phone_text_alignment=\u00a0\u00bbdefault\u00a0\u00bb column_border_width=\u00a0\u00bbnone\u00a0\u00bb column_border_style=\u00a0\u00bbsolid\u00a0\u00bb][vc_column_text]Autre pays = autre nourriture.<\/p>\n<p>Nous avons modifi\u00e9 notre fa\u00e7on de manger. Il faut s&rsquo;adapter et chercher o\u00f9 trouver les bons produits&#8230; \u00e7a prend du temps.[\/vc_column_text][\/vc_column][\/vc_row][vc_row type=\u00a0\u00bbin_container\u00a0\u00bb full_screen_row_position=\u00a0\u00bbmiddle\u00a0\u00bb scene_position=\u00a0\u00bbcenter\u00a0\u00bb text_color=\u00a0\u00bbdark\u00a0\u00bb text_align=\u00a0\u00bbleft\u00a0\u00bb overlay_strength=\u00a0\u00bb0.3&Prime; shape_divider_position=\u00a0\u00bbbottom\u00a0\u00bb][vc_column column_padding=\u00a0\u00bbno-extra-padding\u00a0\u00bb column_padding_position=\u00a0\u00bball\u00a0\u00bb background_color_opacity=\u00a0\u00bb1&Prime; background_hover_color_opacity=\u00a0\u00bb1&Prime; column_link_target=\u00a0\u00bb_self\u00a0\u00bb column_shadow=\u00a0\u00bbnone\u00a0\u00bb column_border_radius=\u00a0\u00bbnone\u00a0\u00bb width=\u00a0\u00bb1\/1&Prime; tablet_width_inherit=\u00a0\u00bbdefault\u00a0\u00bb tablet_text_alignment=\u00a0\u00bbdefault\u00a0\u00bb phone_text_alignment=\u00a0\u00bbdefault\u00a0\u00bb column_border_width=\u00a0\u00bbnone\u00a0\u00bb column_border_style=\u00a0\u00bbsolid\u00a0\u00bb]\t\n\t<div class=\"row\">\n\t\n\t <div class=\"post-area col  span_12 col_last masonry material  \" data-ams=\"\"> <div class=\"posts-container\" data-load-animation=\"none\">\t\t\t\t\n\t\t\t\t\n<article id=\"post-7133\" class=\"regular masonry-blog-item post-7133 post type-post status-publish format-standard has-post-thumbnail category-alimentation category-focus category-non-classe\">\n\n\t<div class=\"inner-wrap animated\">\n\n\t\t<div class=\"post-content\">\n\t\t\t\n\t\t\t\t\t\t\t\n\t\t\t\t\t\t\t\t\n\t\t\t\t\t\t\t\t\n\t\t\t\t\t\t\n\t\t\t\n\n\t\t\t\n\t\t\t\t<div class=\"content-inner\">\n\t\t\t\t\t\n\t\t\t\t\t <a class=\"entire-meta-link\" href=\"https:\/\/gabriella5.ch\/index.php\/2019\/07\/02\/nouvelles-racines\/\"><\/a><a href=\"https:\/\/gabriella5.ch\/index.php\/2019\/07\/02\/nouvelles-racines\/\"><span class=\"post-featured-img\"><img loading=\"lazy\" decoding=\"async\" width=\"750\" height=\"499\" src=\"https:\/\/gabriella5.ch\/wp-content\/uploads\/2019\/07\/img-2.jpg\" class=\"attachment-large size-large skip-lazy wp-post-image\" alt=\"\" title=\"\" srcset=\"https:\/\/gabriella5.ch\/wp-content\/uploads\/2019\/07\/img-2.jpg 750w, https:\/\/gabriella5.ch\/wp-content\/uploads\/2019\/07\/img-2-300x200.jpg 300w\" sizes=\"auto, (max-width: 750px) 100vw, 750px\" \/><\/span><\/a>\t\t\t\t\t\n\t\t\t\t\t\t\t\t\t\t\t\n\t\t\t\t\t\t\n\t\t\t\t\t\t\t\n\t\t\t\t\t\t<span class=\"meta-category\"><a class=\"alimentation\" href=\"https:\/\/gabriella5.ch\/index.php\/category\/focus\/alimentation\/\">Alimentation<\/a><a class=\"focus\" href=\"https:\/\/gabriella5.ch\/index.php\/category\/focus\/\">Focus<\/a><a class=\"non-classe\" href=\"https:\/\/gabriella5.ch\/index.php\/category\/non-classe\/\">Non class\u00e9<\/a><\/span>\n\t\t\t\t\t\t<div class=\"article-content-wrap\">\n\t\t\t\t\t\t\t\n\t\t\t\t\t\t\t\t\t\t\t\t\t\t\t\t\t\t\n\t\t\t\t\t\t\t<div class=\"post-header\">\n\t\t\t\t\t\t\t\t\t\n\t\t\t\t\t\t\t\t<h3 class=\"title\">\n\t\t\t\t\t\t\t\t\t \n\t\t\t\t\t\t\t\t\t\t<a href=\"https:\/\/gabriella5.ch\/index.php\/2019\/07\/02\/nouvelles-racines\/\">\t\t\t\t\t\t\t\t\t\t\tNouvelles racines\t\t\t\t\t\t\t\t\t\t <\/a> \n\t\t\t\t\t\t\t\t\t\t\t\t\t\t\t\t\t<\/h3>\n\n\t\t\t\t\t\t\t\t\t\t\t\t\t\t\t<\/div><!--\/post-header-->\n\t\t\t\t\t\t<div class=\"excerpt\">D\u00e9licieuses racines que nous avons d\u00e9couvert au Br\u00e9sil Le yacon (ou poire de terre) Cette tubercule vient des Andes o\u00fa elle \u00e9tait d\u00e9j\u00e0 cultiv\u00e9es au\u2026<\/div><div class=\"grav-wrap\"><a href=\"https:\/\/gabriella5.ch\/index.php\/author\/gabandco\/\"><img alt='gabandco' src='https:\/\/secure.gravatar.com\/avatar\/daf236dfdf0657a30bcd50e78647efe5ac1772cfc030a9073624d1766ff72ecb?s=70&#038;d=mm&#038;r=g' srcset='https:\/\/secure.gravatar.com\/avatar\/daf236dfdf0657a30bcd50e78647efe5ac1772cfc030a9073624d1766ff72ecb?s=140&#038;d=mm&#038;r=g 2x' class='avatar avatar-70 photo' height='70' width='70' \/><\/a><div class=\"text\"><a href=\"https:\/\/gabriella5.ch\/index.php\/author\/gabandco\/\" rel=\"author\">gabandco<\/a><span>2 juillet 2019<\/span><\/div><\/div>\t\t\t\t\t\t\t\n\t\t\t\t\t\t<\/div><!--article-content-wrap-->\n\n\t\t\t\t\t\t\t\t\t\t\n\t\t\t\t   \n\t\t\t\t\t\t\t\t\t\t\n\t\t\t\t\t\t\t\t\t\t\t\n\t\t\t\t<\/div><!--\/content-inner-->\n\n\t\t\t\t\t\t\n\t\t<\/div><!--\/post-content-->\n\n\t<\/div><!--\/inner-wrap-->\n\t\t\n<\/article><!--\/article-->\n\t\t\t\t\t\t\t\n\t\t\t\t\n<article id=\"post-7111\" class=\"regular masonry-blog-item post-7111 post type-post status-publish format-standard has-post-thumbnail category-alimentation category-focus\">\n\n\t<div class=\"inner-wrap animated\">\n\n\t\t<div class=\"post-content\">\n\t\t\t\n\t\t\t\t\t\t\t\n\t\t\t\t\t\t\t\t\n\t\t\t\t\t\t\t\t\n\t\t\t\t\t\t\n\t\t\t\n\n\t\t\t\n\t\t\t\t<div class=\"content-inner\">\n\t\t\t\t\t\n\t\t\t\t\t <a class=\"entire-meta-link\" href=\"https:\/\/gabriella5.ch\/index.php\/2019\/06\/16\/pesticide-vs-bio\/\"><\/a><a href=\"https:\/\/gabriella5.ch\/index.php\/2019\/06\/16\/pesticide-vs-bio\/\"><span class=\"post-featured-img\"><img loading=\"lazy\" decoding=\"async\" width=\"515\" height=\"456\" src=\"https:\/\/gabriella5.ch\/wp-content\/uploads\/2019\/06\/img-6.jpg\" class=\"attachment-large size-large skip-lazy wp-post-image\" alt=\"\" title=\"\" srcset=\"https:\/\/gabriella5.ch\/wp-content\/uploads\/2019\/06\/img-6.jpg 515w, https:\/\/gabriella5.ch\/wp-content\/uploads\/2019\/06\/img-6-300x266.jpg 300w\" sizes=\"auto, (max-width: 515px) 100vw, 515px\" \/><\/span><\/a>\t\t\t\t\t\n\t\t\t\t\t\t\t\t\t\t\t\n\t\t\t\t\t\t\n\t\t\t\t\t\t\t\n\t\t\t\t\t\t<span class=\"meta-category\"><a class=\"alimentation\" href=\"https:\/\/gabriella5.ch\/index.php\/category\/focus\/alimentation\/\">Alimentation<\/a><a class=\"focus\" href=\"https:\/\/gabriella5.ch\/index.php\/category\/focus\/\">Focus<\/a><\/span>\n\t\t\t\t\t\t<div class=\"article-content-wrap\">\n\t\t\t\t\t\t\t\n\t\t\t\t\t\t\t\t\t\t\t\t\t\t\t\t\t\t\n\t\t\t\t\t\t\t<div class=\"post-header\">\n\t\t\t\t\t\t\t\t\t\n\t\t\t\t\t\t\t\t<h3 class=\"title\">\n\t\t\t\t\t\t\t\t\t \n\t\t\t\t\t\t\t\t\t\t<a href=\"https:\/\/gabriella5.ch\/index.php\/2019\/06\/16\/pesticide-vs-bio\/\">\t\t\t\t\t\t\t\t\t\t\tPesticide vs bio\t\t\t\t\t\t\t\t\t\t <\/a> \n\t\t\t\t\t\t\t\t\t\t\t\t\t\t\t\t\t<\/h3>\n\n\t\t\t\t\t\t\t\t\t\t\t\t\t\t\t<\/div><!--\/post-header-->\n\t\t\t\t\t\t<div class=\"excerpt\">Le syst\u00e8me agricole br\u00e9silien (source : https:\/\/www.lelivrescolaire.fr) A fond les pesticides Le Br\u00e9sil est le plus grand utilisateur mondial de pesticides. Alors que les autorisations\u2026<\/div><div class=\"grav-wrap\"><a href=\"https:\/\/gabriella5.ch\/index.php\/author\/gabandco\/\"><img alt='gabandco' src='https:\/\/secure.gravatar.com\/avatar\/daf236dfdf0657a30bcd50e78647efe5ac1772cfc030a9073624d1766ff72ecb?s=70&#038;d=mm&#038;r=g' srcset='https:\/\/secure.gravatar.com\/avatar\/daf236dfdf0657a30bcd50e78647efe5ac1772cfc030a9073624d1766ff72ecb?s=140&#038;d=mm&#038;r=g 2x' class='avatar avatar-70 photo' height='70' width='70' \/><\/a><div class=\"text\"><a href=\"https:\/\/gabriella5.ch\/index.php\/author\/gabandco\/\" rel=\"author\">gabandco<\/a><span>16 juin 2019<\/span><\/div><\/div>\t\t\t\t\t\t\t\n\t\t\t\t\t\t<\/div><!--article-content-wrap-->\n\n\t\t\t\t\t\t\t\t\t\t\n\t\t\t\t   \n\t\t\t\t\t\t\t\t\t\t\n\t\t\t\t\t\t\t\t\t\t\t\n\t\t\t\t<\/div><!--\/content-inner-->\n\n\t\t\t\t\t\t\n\t\t<\/div><!--\/post-content-->\n\n\t<\/div><!--\/inner-wrap-->\n\t\t\n<\/article><!--\/article-->\n\t\t\t\t\t\t\t\n\t\t\t\t\n<article id=\"post-7057\" class=\"regular masonry-blog-item post-7057 post type-post status-publish format-standard has-post-thumbnail category-alimentation category-focus category-non-classe\">\n\n\t<div class=\"inner-wrap animated\">\n\n\t\t<div class=\"post-content\">\n\t\t\t\n\t\t\t\t\t\t\t\n\t\t\t\t\t\t\t\t\n\t\t\t\t\t\t\t\t\n\t\t\t\t\t\t\n\t\t\t\n\n\t\t\t\n\t\t\t\t<div class=\"content-inner\">\n\t\t\t\t\t\n\t\t\t\t\t <a class=\"entire-meta-link\" href=\"https:\/\/gabriella5.ch\/index.php\/2019\/06\/12\/cuisine-bresilienne\/\"><\/a><a href=\"https:\/\/gabriella5.ch\/index.php\/2019\/06\/12\/cuisine-bresilienne\/\"><span class=\"post-featured-img\"><img loading=\"lazy\" decoding=\"async\" width=\"599\" height=\"419\" src=\"https:\/\/gabriella5.ch\/wp-content\/uploads\/2019\/06\/img-4.jpg\" class=\"attachment-large size-large skip-lazy wp-post-image\" alt=\"\" title=\"\" srcset=\"https:\/\/gabriella5.ch\/wp-content\/uploads\/2019\/06\/img-4.jpg 599w, https:\/\/gabriella5.ch\/wp-content\/uploads\/2019\/06\/img-4-300x210.jpg 300w\" sizes=\"auto, (max-width: 599px) 100vw, 599px\" \/><\/span><\/a>\t\t\t\t\t\n\t\t\t\t\t\t\t\t\t\t\t\n\t\t\t\t\t\t\n\t\t\t\t\t\t\t\n\t\t\t\t\t\t<span class=\"meta-category\"><a class=\"alimentation\" href=\"https:\/\/gabriella5.ch\/index.php\/category\/focus\/alimentation\/\">Alimentation<\/a><a class=\"focus\" href=\"https:\/\/gabriella5.ch\/index.php\/category\/focus\/\">Focus<\/a><a class=\"non-classe\" href=\"https:\/\/gabriella5.ch\/index.php\/category\/non-classe\/\">Non class\u00e9<\/a><\/span>\n\t\t\t\t\t\t<div class=\"article-content-wrap\">\n\t\t\t\t\t\t\t\n\t\t\t\t\t\t\t\t\t\t\t\t\t\t\t\t\t\t\n\t\t\t\t\t\t\t<div class=\"post-header\">\n\t\t\t\t\t\t\t\t\t\n\t\t\t\t\t\t\t\t<h3 class=\"title\">\n\t\t\t\t\t\t\t\t\t \n\t\t\t\t\t\t\t\t\t\t<a href=\"https:\/\/gabriella5.ch\/index.php\/2019\/06\/12\/cuisine-bresilienne\/\">\t\t\t\t\t\t\t\t\t\t\tCuisine br\u00e9silienne\t\t\t\t\t\t\t\t\t\t <\/a> \n\t\t\t\t\t\t\t\t\t\t\t\t\t\t\t\t\t<\/h3>\n\n\t\t\t\t\t\t\t\t\t\t\t\t\t\t\t<\/div><!--\/post-header-->\n\t\t\t\t\t\t<div class=\"excerpt\">Le Br\u00e9sil n'est pas connu pour sa gastronomie. Pourtant, il y a bien des choses \u00e0 d\u00e9couvrir. Chaque r\u00e9gion a ses sp\u00e9cialit\u00e9s. Je ne peux\u2026<\/div><div class=\"grav-wrap\"><a href=\"https:\/\/gabriella5.ch\/index.php\/author\/gabandco\/\"><img alt='gabandco' src='https:\/\/secure.gravatar.com\/avatar\/daf236dfdf0657a30bcd50e78647efe5ac1772cfc030a9073624d1766ff72ecb?s=70&#038;d=mm&#038;r=g' srcset='https:\/\/secure.gravatar.com\/avatar\/daf236dfdf0657a30bcd50e78647efe5ac1772cfc030a9073624d1766ff72ecb?s=140&#038;d=mm&#038;r=g 2x' class='avatar avatar-70 photo' height='70' width='70' \/><\/a><div class=\"text\"><a href=\"https:\/\/gabriella5.ch\/index.php\/author\/gabandco\/\" rel=\"author\">gabandco<\/a><span>12 juin 2019<\/span><\/div><\/div>\t\t\t\t\t\t\t\n\t\t\t\t\t\t<\/div><!--article-content-wrap-->\n\n\t\t\t\t\t\t\t\t\t\t\n\t\t\t\t   \n\t\t\t\t\t\t\t\t\t\t\n\t\t\t\t\t\t\t\t\t\t\t\n\t\t\t\t<\/div><!--\/content-inner-->\n\n\t\t\t\t\t\t\n\t\t<\/div><!--\/post-content-->\n\n\t<\/div><!--\/inner-wrap-->\n\t\t\n<\/article><!--\/article-->\n\t\t\t\t\t\t\t\n\t\t\t\t\n<article id=\"post-6977\" class=\"regular masonry-blog-item post-6977 post type-post status-publish format-standard has-post-thumbnail category-alimentation category-focus category-non-classe\">\n\n\t<div class=\"inner-wrap animated\">\n\n\t\t<div class=\"post-content\">\n\t\t\t\n\t\t\t\t\t\t\t\n\t\t\t\t\t\t\t\t\n\t\t\t\t\t\t\t\t\n\t\t\t\t\t\t\n\t\t\t\n\n\t\t\t\n\t\t\t\t<div class=\"content-inner\">\n\t\t\t\t\t\n\t\t\t\t\t <a class=\"entire-meta-link\" href=\"https:\/\/gabriella5.ch\/index.php\/2019\/05\/09\/fruits-tropicaux\/\"><\/a><a href=\"https:\/\/gabriella5.ch\/index.php\/2019\/05\/09\/fruits-tropicaux\/\"><span class=\"post-featured-img\"><img loading=\"lazy\" decoding=\"async\" width=\"750\" height=\"750\" src=\"https:\/\/gabriella5.ch\/wp-content\/uploads\/2019\/04\/img.jpg\" class=\"attachment-large size-large skip-lazy wp-post-image\" alt=\"\" title=\"\" srcset=\"https:\/\/gabriella5.ch\/wp-content\/uploads\/2019\/04\/img.jpg 750w, https:\/\/gabriella5.ch\/wp-content\/uploads\/2019\/04\/img-150x150.jpg 150w, https:\/\/gabriella5.ch\/wp-content\/uploads\/2019\/04\/img-300x300.jpg 300w, https:\/\/gabriella5.ch\/wp-content\/uploads\/2019\/04\/img-100x100.jpg 100w, https:\/\/gabriella5.ch\/wp-content\/uploads\/2019\/04\/img-140x140.jpg 140w, https:\/\/gabriella5.ch\/wp-content\/uploads\/2019\/04\/img-500x500.jpg 500w, https:\/\/gabriella5.ch\/wp-content\/uploads\/2019\/04\/img-350x350.jpg 350w\" sizes=\"auto, (max-width: 750px) 100vw, 750px\" \/><\/span><\/a>\t\t\t\t\t\n\t\t\t\t\t\t\t\t\t\t\t\n\t\t\t\t\t\t\n\t\t\t\t\t\t\t\n\t\t\t\t\t\t<span class=\"meta-category\"><a class=\"alimentation\" href=\"https:\/\/gabriella5.ch\/index.php\/category\/focus\/alimentation\/\">Alimentation<\/a><a class=\"focus\" href=\"https:\/\/gabriella5.ch\/index.php\/category\/focus\/\">Focus<\/a><a class=\"non-classe\" href=\"https:\/\/gabriella5.ch\/index.php\/category\/non-classe\/\">Non class\u00e9<\/a><\/span>\n\t\t\t\t\t\t<div class=\"article-content-wrap\">\n\t\t\t\t\t\t\t\n\t\t\t\t\t\t\t\t\t\t\t\t\t\t\t\t\t\t\n\t\t\t\t\t\t\t<div class=\"post-header\">\n\t\t\t\t\t\t\t\t\t\n\t\t\t\t\t\t\t\t<h3 class=\"title\">\n\t\t\t\t\t\t\t\t\t \n\t\t\t\t\t\t\t\t\t\t<a href=\"https:\/\/gabriella5.ch\/index.php\/2019\/05\/09\/fruits-tropicaux\/\">\t\t\t\t\t\t\t\t\t\t\tFruits tropicaux\t\t\t\t\t\t\t\t\t\t <\/a> \n\t\t\t\t\t\t\t\t\t\t\t\t\t\t\t\t\t<\/h3>\n\n\t\t\t\t\t\t\t\t\t\t\t\t\t\t\t<\/div><!--\/post-header-->\n\t\t\t\t\t\t<div class=\"excerpt\">Nous sommes ici au paradis des fruits tropicaux. On trouve ananas, goyave, mangue, fruit de la passion, banane, melon, past\u00e8que, lime, avocat, papaye, mandarine, cl\u00e9mentine,\u2026<\/div><div class=\"grav-wrap\"><a href=\"https:\/\/gabriella5.ch\/index.php\/author\/gabandco\/\"><img alt='gabandco' src='https:\/\/secure.gravatar.com\/avatar\/daf236dfdf0657a30bcd50e78647efe5ac1772cfc030a9073624d1766ff72ecb?s=70&#038;d=mm&#038;r=g' srcset='https:\/\/secure.gravatar.com\/avatar\/daf236dfdf0657a30bcd50e78647efe5ac1772cfc030a9073624d1766ff72ecb?s=140&#038;d=mm&#038;r=g 2x' class='avatar avatar-70 photo' height='70' width='70' \/><\/a><div class=\"text\"><a href=\"https:\/\/gabriella5.ch\/index.php\/author\/gabandco\/\" rel=\"author\">gabandco<\/a><span>9 mai 2019<\/span><\/div><\/div>\t\t\t\t\t\t\t\n\t\t\t\t\t\t<\/div><!--article-content-wrap-->\n\n\t\t\t\t\t\t\t\t\t\t\n\t\t\t\t   \n\t\t\t\t\t\t\t\t\t\t\n\t\t\t\t\t\t\t\t\t\t\t\n\t\t\t\t<\/div><!--\/content-inner-->\n\n\t\t\t\t\t\t\n\t\t<\/div><!--\/post-content-->\n\n\t<\/div><!--\/inner-wrap-->\n\t\t\n<\/article><!--\/article-->\n\t\t\t\t\t\t\n\t\t\t<\/div><!--\/posts container-->\n\t\t\t\n\t\t\t\t\t\n  <\/div><!--\/post area-->\n  \n  \t\t\n\t\n\t<\/div>\n\t\n\t[\/vc_column][\/vc_row]\n","protected":false},"excerpt":{"rendered":"<p>[vc_row type=\u00a0\u00bbin_container\u00a0\u00bb full_screen_row_position=\u00a0\u00bbmiddle\u00a0\u00bb scene_position=\u00a0\u00bbcenter\u00a0\u00bb text_color=\u00a0\u00bbdark\u00a0\u00bb text_align=\u00a0\u00bbleft\u00a0\u00bb overlay_strength=\u00a0\u00bb0.3&Prime; shape_divider_position=\u00a0\u00bbbottom\u00a0\u00bb][vc_column column_padding=\u00a0\u00bbno-extra-padding\u00a0\u00bb column_padding_position=\u00a0\u00bball\u00a0\u00bb background_color_opacity=\u00a0\u00bb1&Prime; background_hover_color_opacity=\u00a0\u00bb1&Prime; column_link_target=\u00a0\u00bb_self\u00a0\u00bb column_shadow=\u00a0\u00bbnone\u00a0\u00bb column_border_radius=\u00a0\u00bbnone\u00a0\u00bb width=\u00a0\u00bb1\/1&Prime; tablet_width_inherit=\u00a0\u00bbdefault\u00a0\u00bb tablet_text_alignment=\u00a0\u00bbdefault\u00a0\u00bb phone_text_alignment=\u00a0\u00bbdefault\u00a0\u00bb column_border_width=\u00a0\u00bbnone\u00a0\u00bb column_border_style=\u00a0\u00bbsolid\u00a0\u00bb][vc_column_text]Autre pays = autre nourriture&#8230;.<\/p>\n","protected":false},"author":1,"featured_media":0,"parent":6503,"menu_order":0,"comment_status":"closed","ping_status":"closed","template":"","meta":{"_monsterinsights_skip_tracking":false,"_monsterinsights_sitenote_active":false,"_monsterinsights_sitenote_note":"","_monsterinsights_sitenote_category":0,"footnotes":""},"class_list":["post-7056","page","type-page","status-publish"],"_links":{"self":[{"href":"https:\/\/gabriella5.ch\/index.php\/wp-json\/wp\/v2\/pages\/7056","targetHints":{"allow":["GET"]}}],"collection":[{"href":"https:\/\/gabriella5.ch\/index.php\/wp-json\/wp\/v2\/pages"}],"about":[{"href":"https:\/\/gabriella5.ch\/index.php\/wp-json\/wp\/v2\/types\/page"}],"author":[{"embeddable":true,"href":"https:\/\/gabriella5.ch\/index.php\/wp-json\/wp\/v2\/users\/1"}],"replies":[{"embeddable":true,"href":"https:\/\/gabriella5.ch\/index.php\/wp-json\/wp\/v2\/comments?post=7056"}],"version-history":[{"count":4,"href":"https:\/\/gabriella5.ch\/index.php\/wp-json\/wp\/v2\/pages\/7056\/revisions"}],"predecessor-version":[{"id":7110,"href":"https:\/\/gabriella5.ch\/index.php\/wp-json\/wp\/v2\/pages\/7056\/revisions\/7110"}],"up":[{"embeddable":true,"href":"https:\/\/gabriella5.ch\/index.php\/wp-json\/wp\/v2\/pages\/6503"}],"wp:attachment":[{"href":"https:\/\/gabriella5.ch\/index.php\/wp-json\/wp\/v2\/media?parent=7056"}],"curies":[{"name":"wp","href":"https:\/\/api.w.org\/{rel}","templated":true}]}}